{"id":181,"date":"2012-02-05T15:37:07","date_gmt":"2012-02-05T14:37:07","guid":{"rendered":"http:\/\/localhost\/efc_wordpress\/?page_id=181"},"modified":"2022-06-13T16:53:43","modified_gmt":"2022-06-13T14:53:43","slug":"ls4b-description","status":"publish","type":"page","link":"https:\/\/flying.estec-sscc.net\/?page_id=181","title":{"rendered":"Alpi Pioneer 300 Kite"},"content":{"rendered":"<p><a href=\"https:\/\/flying.estec-sscc.net\/wp-content\/uploads\/2019\/12\/Alpi.png\"><img loading=\"lazy\" decoding=\"async\" class=\"alignnone size-medium wp-image-835\" src=\"https:\/\/flying.estec-sscc.net\/wp-content\/uploads\/2019\/12\/Alpi-300x182.png\" alt=\"\" width=\"300\" height=\"182\" srcset=\"https:\/\/flying.estec-sscc.net\/wp-content\/uploads\/2019\/12\/Alpi-300x182.png 300w, https:\/\/flying.estec-sscc.net\/wp-content\/uploads\/2019\/12\/Alpi-768x467.png 768w, https:\/\/flying.estec-sscc.net\/wp-content\/uploads\/2019\/12\/Alpi-1024x623.png 1024w, https:\/\/flying.estec-sscc.net\/wp-content\/uploads\/2019\/12\/Alpi.png 1378w\" sizes=\"auto, (max-width: 300px) 100vw, 300px\" \/><\/a><a href=\"https:\/\/flying.estec-sscc.net\/wp-content\/uploads\/2019\/12\/Alpi-Take-off.png\"><img loading=\"lazy\" decoding=\"async\" class=\"size-medium wp-image-834 alignright\" src=\"https:\/\/flying.estec-sscc.net\/wp-content\/uploads\/2019\/12\/Alpi-Take-off-300x182.png\" alt=\"\" width=\"300\" height=\"182\" srcset=\"https:\/\/flying.estec-sscc.net\/wp-content\/uploads\/2019\/12\/Alpi-Take-off-300x182.png 300w, https:\/\/flying.estec-sscc.net\/wp-content\/uploads\/2019\/12\/Alpi-Take-off-768x467.png 768w, https:\/\/flying.estec-sscc.net\/wp-content\/uploads\/2019\/12\/Alpi-Take-off-1024x623.png 1024w, https:\/\/flying.estec-sscc.net\/wp-content\/uploads\/2019\/12\/Alpi-Take-off.png 1378w\" sizes=\"auto, (max-width: 300px) 100vw, 300px\" \/><\/a><\/p>\n<p>Our club plane is an Alpi Pioneer 300 Kite with registration PH-ZZR. It is an Italian light-sport aircraft, designed and produced by Alpi Aviation, of Pordenone. The aircraft is usually supplied as a kit for amateur construction, whereas ours was build by the factory and used as demonstrator for the type at the Aero 2015. Later a Ballistic Rescue System from Junkers has been installed by the manufacturer and again removed by us to get the CoG back into a reasonable range.<\/p>\n<p>Avionics is an EFIS\/engine monitoring system from Flybox with two-axis autopilot, and a Garmin 795 GPS (panel united, but removable) with a power flarm to detect nearby traffic, as well as Trigg 8.33kHz radio and Mode-S transponder, all installed by the manufacturer. It is a state-of-the-art plane, very functional, easy to operate and fun to fly thanks to the very light and well balanced controls.<\/p>\n<p><strong>Cost of operation<br \/>\n<\/strong>The yearly access fee is 500\u20ac and the hourly wet rate is 80\u20ac.<\/p>\n<p><strong>Development and Design<br \/>\n<\/strong>The Pioneer 300 was derived from the Asso V Champion and designed to comply with the F\u00e9d\u00e9ration A\u00e9ronautique Internationale microlight rules, as well as the US light-sport aircraft rules. It features a cantilever low-wing, a two-seats-in-side-by-side configuration enclosed cockpit under a bubble canopy, a choice of fixed or retractable tricycle landing gear and a single engine in tractor configuration. The fixed landing gear version is intended for the US light-sport aircraft category that does not permit retractable gear on landplanes.<\/p>\n<p>The aircraft is made with a wooden frame, covered with composite skin panels. Its 8.10 m (26.6 ft) span wing is tapered in planform. Standard engines available are the 100 hp (75 kW) Rotax 912ULS, 85 hp (63 kW) Jabiru 2200 and 120 hp (89 kW) Jabiru 3300.<\/p>\n<p><strong>Variants<\/strong><\/p>\n<p style=\"padding-left: 40px;\"><strong>Pioneer 300 Standard<br \/>\n<\/strong>Base model, standard engine is the 100 hp (75 kW) Rotax 912ULS.<\/p>\n<p style=\"padding-left: 40px;\"><strong>Pioneer 300 Hawk<br \/>\n<\/strong>Model with upgraded canopy and interior, with plywood wing skins and oleo strut suspension.<\/p>\n<p style=\"padding-left: 40px;\"><strong>Pioneer 300 Kite<br \/>\n<\/strong>Model with fixed gear and gross weight of 560 kg (1,235 lb) for the US light-sport aircraft market.<\/p>\n<p style=\"padding-left: 40px;\"><strong>Pioneer 300 Turbo<br \/>\n<\/strong>Model with luxury interior, carbon fibre instrument panel and Rotax 914 turbocharged engine of 115 hp (86 kW) giving a cruise speed of 265 km\/h (165 mph).<\/p>\n<p style=\"padding-left: 40px;\"><strong>Pioneer 330 Acro<br \/>\n<\/strong>Aerobatic model, with inverted-capable version of the 100 hp (75 kW) Rotax 912ULS and a strengthened airframe with flight load factors of +6\/-3g.<\/p>\n<p><strong>General characteristics<br \/>\n<\/strong>Crew: one<br \/>\nCapacity: one passenger<br \/>\nWingspan: 8.10 m (26 ft 7 in)<br \/>\nWing area: 11.0 m2 (118 sq ft)<br \/>\nEmpty weight: 285 kg (628 lb)<br \/>\nGross weight: 472.5 kg (1,042 lb)<br \/>\nFuel capacity: 80 litres (18 imp gal; 21 US gal)<br \/>\nPowerplant: 1 \u00d7 Rotax 912ULS four cylinder, liquid and air-cooled, four stroke, 75 kW (100 hp)<br \/>\nPropellers: 3-bladed composite<\/p>\n<p><strong>Performance<br \/>\n<\/strong>Maximum speed: 270 km\/h (170 mph, 150 kn)<br \/>\nCruise speed: 250 km\/h (160 mph, 130 kn)<br \/>\nStall speed: 60 km\/h (37 mph, 32 kn)<br \/>\nRate of climb: 8 m\/s (1,600 ft\/min)<br \/>\nWing loading: 42.95 kg\/m2 (8.80 lb\/sq ft)<\/p>\n<p style=\"text-align: right;\"><a href=\"https:\/\/en.wikipedia.org\/wiki\/Alpi_Pioneer_300\" target=\"_blank\" rel=\"noopener noreferrer\"><span style=\"color: #c0c0c0;\">Source: Wikipedia, the free encyclopedia<\/span><\/a><\/p>\n","protected":false},"excerpt":{"rendered":"<p>Our club plane is an Alpi Pioneer 300 Kite with registration PH-ZZR. It is an Italian light-sport aircraft, designed and produced by Alpi Aviation, of Pordenone. The aircraft is usually supplied as a kit for amateur construction, whereas ours was build by the factory and used as demonstrator for the type at the Aero 2015. <a href='https:\/\/flying.estec-sscc.net\/?page_id=181' class='excerpt-more'>[&#8230;]<\/a><\/p>\n","protected":false},"author":1,"featured_media":0,"parent":93,"menu_order":0,"comment_status":"closed","ping_status":"closed","template":"1r-sidebar.php","meta":{"_cbd_carousel_blocks":"[]","footnotes":""},"class_list":["post-181","page","type-page","status-publish","hentry","post-seq-1","post-parity-odd","meta-position-corners","fix"],"_links":{"self":[{"href":"https:\/\/flying.estec-sscc.net\/index.php?rest_route=\/wp\/v2\/pages\/181","targetHints":{"allow":["GET"]}}],"collection":[{"href":"https:\/\/flying.estec-sscc.net\/index.php?rest_route=\/wp\/v2\/pages"}],"about":[{"href":"https:\/\/flying.estec-sscc.net\/index.php?rest_route=\/wp\/v2\/types\/page"}],"author":[{"embeddable":true,"href":"https:\/\/flying.estec-sscc.net\/index.php?rest_route=\/wp\/v2\/users\/1"}],"replies":[{"embeddable":true,"href":"https:\/\/flying.estec-sscc.net\/index.php?rest_route=%2Fwp%2Fv2%2Fcomments&post=181"}],"version-history":[{"count":40,"href":"https:\/\/flying.estec-sscc.net\/index.php?rest_route=\/wp\/v2\/pages\/181\/revisions"}],"predecessor-version":[{"id":1045,"href":"https:\/\/flying.estec-sscc.net\/index.php?rest_route=\/wp\/v2\/pages\/181\/revisions\/1045"}],"up":[{"embeddable":true,"href":"https:\/\/flying.estec-sscc.net\/index.php?rest_route=\/wp\/v2\/pages\/93"}],"wp:attachment":[{"href":"https:\/\/flying.estec-sscc.net\/index.php?rest_route=%2Fwp%2Fv2%2Fmedia&parent=181"}],"curies":[{"name":"wp","href":"https:\/\/api.w.org\/{rel}","templated":true}]}}